{"id":772,"date":"2026-04-07T15:19:46","date_gmt":"2026-04-07T07:19:46","guid":{"rendered":"http:\/\/47.100.88.125\/?page_id=772"},"modified":"2026-04-08T13:51:58","modified_gmt":"2026-04-08T05:51:58","slug":"%e5%85%a8%e7%90%83%e7%94%b5%e8%af%9d%e5%8c%ba%e5%8f%b7%e6%9f%a5%e8%af%a2","status":"publish","type":"page","link":"https:\/\/www.05621997.xyz\/index.php\/tools\/%e5%85%a8%e7%90%83%e7%94%b5%e8%af%9d%e5%8c%ba%e5%8f%b7%e6%9f%a5%e8%af%a2\/","title":{"rendered":"\u5168\u7403\u7535\u8bdd\u533a\u53f7\u67e5\u8be2"},"content":{"rendered":"\t\t<div data-elementor-type=\"wp-page\" data-elementor-id=\"772\" class=\"elementor elementor-772\" data-elementor-post-type=\"page\">\n\t\t\t\t<div class=\"elementor-element elementor-element-c10cff0 e-con-full e-flex e-con e-parent\" data-id=\"c10cff0\" data-element_type=\"container\" data-e-type=\"container\">\n\t\t\t\t<div class=\"elementor-element elementor-element-da274c4 elementor-widget elementor-widget-heading\" data-id=\"da274c4\" data-element_type=\"widget\" data-e-type=\"widget\" data-widget_type=\"heading.default\">\n\t\t\t\t\t<h2 class=\"elementor-heading-title elementor-size-default\">\u5168\u7403\u7535\u8bdd\u533a\u53f7\u67e5\u8be2<\/h2>\t\t\t\t<\/div>\n\t\t\t\t<\/div>\n\t\t<div class=\"elementor-element elementor-element-92a5158 e-con-full e-flex e-con e-parent\" data-id=\"92a5158\" data-element_type=\"container\" data-e-type=\"container\">\n\t\t\t\t<div class=\"elementor-element elementor-element-74c2c62 elementor-widget elementor-widget-html\" data-id=\"74c2c62\" data-element_type=\"widget\" data-e-type=\"widget\" data-widget_type=\"html.default\">\n\t\t\t\t\t\r\n<div class=\"ccq-root\">\r\n\r\n    <div class=\"ccq-section-top\">\r\n        <div class=\"ccq-input-group\">\r\n            <input type=\"text\" class=\"ccq-input\" id=\"ccqNameInput\" placeholder=\"\u8f93\u5165\u56fd\u5bb6\/\u5730\u533a\uff08\u4e2d\u82f1\u6587\uff09\uff0c\u4f8b\u5982\uff1a\u4e2d\u56fd \/ China\">\r\n            <button class=\"ccq-btn\" id=\"ccqNameSearch\">\u67e5\u8be2\u533a\u53f7<\/button>\r\n        <\/div>\r\n        <div class=\"ccq-result\" id=\"ccqNameResult\"><\/div>\r\n    <\/div>\r\n\r\n    <!-- \u5206\u5272\u7ebf -->\r\n    <div class=\"ccq-divider\"><\/div>\r\n\r\n\r\n    <div class=\"ccq-section-bottom\">\r\n        <div class=\"ccq-input-group\">\r\n            <input type=\"text\" class=\"ccq-input\" id=\"ccqCodeInput\" placeholder=\"\u8f93\u5165\u533a\u53f7\uff0c\u4f8b\u5982\uff1a86 \/ +86\">\r\n            <button class=\"ccq-btn\" id=\"ccqCodeSearch\">\u67e5\u8be2\u56fd\u5bb6\/\u5730\u533a<\/button>\r\n        <\/div>\r\n        <div class=\"ccq-result\" id=\"ccqCodeResult\"><\/div>\r\n    <\/div>\r\n\r\n    <div class=\"ccq-toast\" id=\"ccqToast\">\u590d\u5236\u6210\u529f \u2705<\/div>\r\n    <div class=\"ccq-toast ccq-toast-error\" id=\"ccqToastError\">\u590d\u5236\u5931\u8d25\uff0c\u8bf7\u624b\u52a8\u590d\u5236 \u274c<\/div>\r\n<\/div>\r\n\r\n<style>\r\n\r\n.ccq-root {\r\n    width: 100% !important;\r\n    max-width: 700px !important;\r\n    box-sizing: border-box !important;\r\n    font-family: -apple-system, BlinkMacSystemFont, \"Segoe UI\", Roboto, sans-serif !important;\r\n    padding: 15px !important;\r\n    margin: 0 auto !important;\r\n}\r\n.ccq-section-top, .ccq-section-bottom {\r\n    margin: 15px 0 !important;\r\n}\r\n\r\n.ccq-input-group {\r\n    display: flex !important;\r\n    gap: 10px !important;\r\n    margin-bottom: 15px !important;\r\n    align-items: center !important;\r\n}\r\n\r\n.ccq-input {\r\n    flex: 1 !important;\r\n    padding: 14px 18px !important;\r\n    border: 1px solid #e2e8f0 !important;\r\n    border-radius: 12px !important;\r\n    font-size: 15px !important;\r\n    outline: none !important;\r\n    background: #ffffff !important;\r\n    box-shadow: 0 1px 3px rgba(0, 0, 0, 0.05) !important;\r\n    transition: all 0.3s ease !important;\r\n}\r\n.ccq-input:hover {\r\n    border-color: #cbd5e1 !important;\r\n    box-shadow: 0 2px 8px rgba(0, 0, 0, 0.08) !important;\r\n}\r\n.ccq-input:focus {\r\n    border-color: #3b82f6 !important;\r\n    box-shadow: 0 0 0 3px rgba(59, 130, 246, 0.15), 0 2px 8px rgba(0, 0, 0, 0.08) !important;\r\n}\r\n\r\n.ccq-btn {\r\n    padding: 14px 22px !important;\r\n    background: linear-gradient(135deg, #3b82f6, #1d4ed8) !important;\r\n    color: #ffffff !important;\r\n    border: none !important;\r\n    border-radius: 12px !important;\r\n    cursor: pointer !important;\r\n    font-size: 15px !important;\r\n    font-weight: 500 !important;\r\n    white-space: nowrap !important;\r\n    box-shadow: 0 2px 5px rgba(59, 130, 246, 0.2) !important;\r\n    transition: all 0.3s ease !important;\r\n    min-width: 140px !important; \/* \u7edf\u4e00\u6309\u94ae\u6700\u5c0f\u5bbd\u5ea6\uff0c\u4fdd\u8bc1\u4e0a\u4e0b\u4e00\u81f4 *\/\r\n}\r\n.ccq-btn:hover {\r\n    transform: translateY(-1px) !important;\r\n    box-shadow: 0 4px 10px rgba(59, 130, 246, 0.25) !important;\r\n}\r\n.ccq-btn:active {\r\n    transform: translateY(0) !important;\r\n}\r\n\r\n.ccq-divider {\r\n    height: 1px !important;\r\n    background: linear-gradient(90deg, transparent, #e2e8f0, transparent) !important;\r\n    margin: 25px 0 !important;\r\n}\r\n\r\n.ccq-result {\r\n    min-height: 50px !important;\r\n    padding: 15px !important;\r\n    border-radius: 12px !important;\r\n    background: #f8fafc !important;\r\n    border: 1px solid #f1f5f9 !important;\r\n    font-size: 15px !important;\r\n    line-height: 1.7 !important;\r\n    box-shadow: 0 1px 3px rgba(0, 0, 0, 0.03) !important;\r\n}\r\n.ccq-result-item {\r\n    display: flex !important;\r\n    justify-content: space-between !important;\r\n    align-items: center !important;\r\n    padding: 8px 0 !important;\r\n}\r\n\r\n.ccq-copy-btn {\r\n    padding: 6px 12px !important;\r\n    background: linear-gradient(135deg, #10b981, #059669) !important;\r\n    color: #fff !important;\r\n    border: none !important;\r\n    border-radius: 8px !important;\r\n    cursor: pointer !important;\r\n    font-size: 13px !important;\r\n    font-weight: 500 !important;\r\n    transition: all 0.2s ease !important;\r\n}\r\n.ccq-copy-btn:hover {\r\n    opacity: 0.9 !important;\r\n}\r\n\r\n.ccq-toast {\r\n    position: fixed !important;\r\n    bottom: 30px !important;\r\n    left: 50% !important;\r\n    transform: translateX(-50%) !important;\r\n    padding: 12px 26px !important;\r\n    background: linear-gradient(135deg, #10b981, #059669) !important;\r\n    color: #fff !important;\r\n    border-radius: 10px !important;\r\n    font-size: 14px !important;\r\n    font-weight: 500 !important;\r\n    opacity: 0 !important;\r\n    visibility: hidden !important;\r\n    transition: all 0.3s ease !important;\r\n    z-index: 99999 !important;\r\n    box-shadow: 0 4px 15px rgba(16, 185, 129, 0.2) !important;\r\n}\r\n.ccq-toast.active {\r\n    opacity: 1 !important;\r\n    visibility: visible !important;\r\n    bottom: 40px !important;\r\n}\r\n.ccq-toast-error {\r\n    background: linear-gradient(135deg, #ef4444, #dc2626) !important;\r\n}\r\n\r\n@media (max-width: 576px) {\r\n    .ccq-input-group {\r\n        flex-direction: column !important;\r\n        gap: 12px !important;\r\n    }\r\n    .ccq-btn {\r\n        width: 100% !important;\r\n        min-width: auto !important;\r\n    }\r\n}\r\n\r\n<\/style>\r\n\r\n<script>\r\n\r\ndocument.addEventListener('DOMContentLoaded', function() {\r\n   \r\n    const countryData = [\r\n        { name: \"\u4e2d\u56fd(China)\", code: \"+86\" },\r\n{ name: \"\u4e2d\u56fd\u9999\u6e2f(Hong Kong)\", code: \"+852\" },\r\n{ name: \"\u4e2d\u56fd\u6fb3\u95e8(Macau)\", code: \"+853\" },\r\n{ name: \"\u4e2d\u56fd\u53f0\u6e7e(Taiwan)\", code: \"+886\" },\r\n{ name: \"\u963f\u5bcc\u6c57(Afghanistan)\", code: \"+93\" },\r\n{ name: \"\u4e9a\u7f8e\u5c3c\u4e9a(Armenia)\", code: \"+374\" },\r\n{ name: \"\u963f\u585e\u62dc\u7586(Azerbaijan)\", code: \"+994\" },\r\n{ name: \"\u5df4\u6797(Bahrain)\", code: \"+973\" },\r\n{ name: \"\u5b5f\u52a0\u62c9\u56fd(Bangladesh)\", code: \"+880\" },\r\n{ name: \"\u6587\u83b1(Brunei)\", code: \"+673\" },\r\n{ name: \"\u67ec\u57d4\u5be8(Cambodia)\", code: \"+855\" },\r\n{ name: \"\u671d\u9c9c(North Korea)\", code: \"+850\" },\r\n{ name: \"\u4e1c\u5e1d\u6c76(East Timor)\", code: \"+670\" },\r\n{ name: \"\u683c\u9c81\u5409\u4e9a(Georgia)\", code: \"+995\" },\r\n{ name: \"\u5370\u5ea6(India)\", code: \"+91\" },\r\n{ name: \"\u5370\u5ea6\u5c3c\u897f\u4e9a(Indonesia)\", code: \"+62\" },\r\n{ name: \"\u4f0a\u6717(Iran)\", code: \"+98\" },\r\n{ name: \"\u4f0a\u62c9\u514b(Iraq)\", code: \"+964\" },\r\n{ name: \"\u4ee5\u8272\u5217(Israel)\", code: \"+972\" },\r\n{ name: \"\u65e5\u672c(Japan)\", code: \"+81\" },\r\n{ name: \"\u7ea6\u65e6(Jordan)\", code: \"+962\" },\r\n{ name: \"\u54c8\u8428\u514b\u65af\u5766(Kazakhstan)\", code: \"+7\" },\r\n{ name: \"\u79d1\u5a01\u7279(Kuwait)\", code: \"+965\" },\r\n{ name: \"\u5409\u5c14\u5409\u65af\u65af\u5766(Kyrgyzstan)\", code: \"+996\" },\r\n{ name: \"\u8001\u631d(Laos)\", code: \"+856\" },\r\n{ name: \"\u9ece\u5df4\u5ae9(Lebanon)\", code: \"+961\" },\r\n{ name: \"\u9a6c\u6765\u897f\u4e9a(Malaysia)\", code: \"+60\" },\r\n{ name: \"\u9a6c\u5c14\u4ee3\u592b(Maldives)\", code: \"+960\" },\r\n{ name: \"\u8499\u53e4(Mongolia)\", code: \"+976\" },\r\n{ name: \"\u7f05\u7538(Myanmar)\", code: \"+95\" },\r\n{ name: \"\u5c3c\u6cca\u5c14(Nepal)\", code: \"+977\" },\r\n{ name: \"\u963f\u66fc(Oman)\", code: \"+968\" },\r\n{ name: \"\u5df4\u57fa\u65af\u5766(Pakistan)\", code: \"+92\" },\r\n{ name: \"\u83f2\u5f8b\u5bbe(Philippines)\", code: \"+63\" },\r\n{ name: \"\u5361\u5854\u5c14(Qatar)\", code: \"+974\" },\r\n{ name: \"\u6c99\u7279\u963f\u62c9\u4f2f(Saudi Arabia)\", code: \"+966\" },\r\n{ name: \"\u65b0\u52a0\u5761(Singapore)\", code: \"+65\" },\r\n{ name: \"\u97e9\u56fd(South Korea)\", code: \"+82\" },\r\n{ name: \"\u65af\u91cc\u5170\u5361(Sri Lanka)\", code: \"+94\" },\r\n{ name: \"\u53d9\u5229\u4e9a(Syria)\", code: \"+963\" },\r\n{ name: \"\u5854\u5409\u514b\u65af\u5766(Tajikistan)\", code: \"+992\" },\r\n{ name: \"\u6cf0\u56fd(Thailand)\", code: \"+66\" },\r\n{ name: \"\u571f\u8033\u5176(Turkey)\", code: \"+90\" },\r\n{ name: \"\u571f\u5e93\u66fc\u65af\u5766(Turkmenistan)\", code: \"+993\" },\r\n{ name: \"\u963f\u8054\u914b(United Arab Emirates)\", code: \"+971\" },\r\n{ name: \"\u4e4c\u5179\u522b\u514b\u65af\u5766(Uzbekistan)\", code: \"+998\" },\r\n{ name: \"\u8d8a\u5357(Vietnam)\", code: \"+84\" },\r\n{ name: \"\u4e5f\u95e8(Yemen)\", code: \"+967\" },\r\n{ name: \"\u5df4\u52d2\u65af\u5766(Palestine)\", code: \"+970\" },\r\n{ name: \"\u963f\u5c14\u5df4\u5c3c\u4e9a(Albania)\", code: \"+355\" },\r\n{ name: \"\u5b89\u9053\u5c14(Andorra)\", code: \"+376\" },\r\n{ name: \"\u5965\u5730\u5229(Austria)\", code: \"+43\" },\r\n{ name: \"\u767d\u4fc4\u7f57\u65af(Belarus)\", code: \"+375\" },\r\n{ name: \"\u6bd4\u5229\u65f6(Belgium)\", code: \"+32\" },\r\n{ name: \"\u6ce2\u9ed1(Bosnia and Herzegovina)\", code: \"+387\" },\r\n{ name: \"\u4fdd\u52a0\u5229\u4e9a(Bulgaria)\", code: \"+359\" },\r\n{ name: \"\u514b\u7f57\u5730\u4e9a(Croatia)\", code: \"+385\" },\r\n{ name: \"\u585e\u6d66\u8def\u65af(Cyprus)\", code: \"+357\" },\r\n{ name: \"\u6377\u514b(Czech Republic)\", code: \"+420\" },\r\n{ name: \"\u4e39\u9ea6(Denmark)\", code: \"+45\" },\r\n{ name: \"\u7231\u6c99\u5c3c\u4e9a(Estonia)\", code: \"+372\" },\r\n{ name: \"\u82ac\u5170(Finland)\", code: \"+358\" },\r\n{ name: \"\u6cd5\u56fd(France)\", code: \"+33\" },\r\n{ name: \"\u5fb7\u56fd(Germany)\", code: \"+49\" },\r\n{ name: \"\u5e0c\u814a(Greece)\", code: \"+30\" },\r\n{ name: \"\u5308\u7259\u5229(Hungary)\", code: \"+36\" },\r\n{ name: \"\u51b0\u5c9b(Iceland)\", code: \"+354\" },\r\n{ name: \"\u7231\u5c14\u5170(Ireland)\", code: \"+353\" },\r\n{ name: \"\u610f\u5927\u5229(Italy)\", code: \"+39\" },\r\n{ name: \"\u62c9\u8131\u7ef4\u4e9a(Latvia)\", code: \"+371\" },\r\n{ name: \"\u5217\u652f\u6566\u58eb\u767b(Liechtenstein)\", code: \"+423\" },\r\n{ name: \"\u7acb\u9676\u5b9b(Lithuania)\", code: \"+370\" },\r\n{ name: \"\u5362\u68ee\u5821(Luxembourg)\", code: \"+352\" },\r\n{ name: \"\u5317\u9a6c\u5176\u987f(North Macedonia)\", code: \"+389\" },\r\n{ name: \"\u9a6c\u8033\u4ed6(Malta)\", code: \"+356\" },\r\n{ name: \"\u6469\u5c14\u591a\u74e6(Moldova)\", code: \"+373\" },\r\n{ name: \"\u6469\u7eb3\u54e5(Monaco)\", code: \"+377\" },\r\n{ name: \"\u9ed1\u5c71(Montenegro)\", code: \"+382\" },\r\n{ name: \"\u8377\u5170(Netherlands)\", code: \"+31\" },\r\n{ name: \"\u632a\u5a01(Norway)\", code: \"+47\" },\r\n{ name: \"\u6ce2\u5170(Poland)\", code: \"+48\" },\r\n{ name: \"\u8461\u8404\u7259(Portugal)\", code: \"+351\" },\r\n{ name: \"\u7f57\u9a6c\u5c3c\u4e9a(Romania)\", code: \"+40\" },\r\n{ name: \"\u4fc4\u7f57\u65af(Russia)\", code: \"+7\" },\r\n{ name: \"\u5723\u9a6c\u529b\u8bfa(San Marino)\", code: \"+378\" },\r\n{ name: \"\u585e\u5c14\u7ef4\u4e9a(Serbia)\", code: \"+381\" },\r\n{ name: \"\u65af\u6d1b\u4f10\u514b(Slovakia)\", code: \"+421\" },\r\n{ name: \"\u65af\u6d1b\u6587\u5c3c\u4e9a(Slovenia)\", code: \"+386\" },\r\n{ name: \"\u897f\u73ed\u7259(Spain)\", code: \"+34\" },\r\n{ name: \"\u745e\u5178(Sweden)\", code: \"+46\" },\r\n{ name: \"\u745e\u58eb(Switzerland)\", code: \"+41\" },\r\n{ name: \"\u4e4c\u514b\u5170(Ukraine)\", code: \"+380\" },\r\n{ name: \"\u82f1\u56fd(United Kingdom)\", code: \"+44\" },\r\n{ name: \"\u68b5\u8482\u5188(Vatican City)\", code: \"+379\" },\r\n{ name: \"\u52a0\u62ff\u5927(Canada)\", code: \"+1\" },\r\n{ name: \"\u7f8e\u56fd(United States)\", code: \"+1\" },\r\n{ name: \"\u58a8\u897f\u54e5(Mexico)\", code: \"+52\" },\r\n{ name: \"\u5b89\u63d0\u74dc\u548c\u5df4\u5e03\u8fbe(Antigua and Barbuda)\", code: \"+1268\" },\r\n{ name: \"\u5df4\u54c8\u9a6c(Bahamas)\", code: \"+1242\" },\r\n{ name: \"\u5df4\u5df4\u591a\u65af(Barbados)\", code: \"+1246\" },\r\n{ name: \"\u4f2f\u5229\u5179(Belize)\", code: \"+501\" },\r\n{ name: \"\u767e\u6155\u5927(Bermuda)\", code: \"+1441\" },\r\n{ name: \"\u5f00\u66fc\u7fa4\u5c9b(Cayman Islands)\", code: \"+1345\" },\r\n{ name: \"\u54e5\u65af\u8fbe\u9ece\u52a0(Costa Rica)\", code: \"+506\" },\r\n{ name: \"\u53e4\u5df4(Cuba)\", code: \"+53\" },\r\n{ name: \"\u591a\u7c73\u5c3c\u514b(Dominica)\", code: \"+1767\" },\r\n{ name: \"\u591a\u7c73\u5c3c\u52a0\u5171\u548c\u56fd(Dominican Republic)\", code: \"+1809\" },\r\n{ name: \"\u591a\u7c73\u5c3c\u52a0\u5171\u548c\u56fd(Dominican Republic)\", code: \"+1829\" },\r\n{ name: \"\u591a\u7c73\u5c3c\u52a0\u5171\u548c\u56fd(Dominican Republic)\", code: \"+1849\" },\r\n{ name: \"\u8428\u5c14\u74e6\u591a(El Salvador)\", code: \"+503\" },\r\n{ name: \"\u683c\u6797\u7eb3\u8fbe(Grenada)\", code: \"+1473\" },\r\n{ name: \"\u5371\u5730\u9a6c\u62c9(Guatemala)\", code: \"+502\" },\r\n{ name: \"\u6d77\u5730(Haiti)\", code: \"+509\" },\r\n{ name: \"\u6d2a\u90fd\u62c9\u65af(Honduras)\", code: \"+504\" },\r\n{ name: \"\u7259\u4e70\u52a0(Jamaica)\", code: \"+1876\" },\r\n{ name: \"\u5c3c\u52a0\u62c9\u74dc(Nicaragua)\", code: \"+505\" },\r\n{ name: \"\u5df4\u62ff\u9a6c(Panama)\", code: \"+507\" },\r\n{ name: \"\u6ce2\u591a\u9ece\u5404(Puerto Rico)\", code: \"+1787\" },\r\n{ name: \"\u6ce2\u591a\u9ece\u5404(Puerto Rico)\", code: \"+1939\" },\r\n{ name: \"\u5723\u57fa\u8328\u548c\u5c3c\u7ef4\u65af(Saint Kitts and Nevis)\", code: \"+1869\" },\r\n{ name: \"\u5723\u5362\u897f\u4e9a(Saint Lucia)\", code: \"+1758\" },\r\n{ name: \"\u5723\u6587\u68ee\u7279\u548c\u683c\u6797\u7eb3\u4e01\u65af(Saint Vincent and the Grenadines)\", code: \"+1784\" },\r\n{ name: \"\u7279\u7acb\u5c3c\u8fbe\u548c\u591a\u5df4\u54e5(Trinidad and Tobago)\", code: \"+1868\" },\r\n{ name: \"\u7f8e\u5c5e\u7ef4\u5c14\u4eac\u7fa4\u5c9b(United States Virgin Islands)\", code: \"+1340\" },\r\n{ name: \"\u963f\u6839\u5ef7(Argentina)\", code: \"+54\" },\r\n{ name: \"\u73bb\u5229\u7ef4\u4e9a(Bolivia)\", code: \"+591\" },\r\n{ name: \"\u5df4\u897f(Brazil)\", code: \"+55\" },\r\n{ name: \"\u667a\u5229(Chile)\", code: \"+56\" },\r\n{ name: \"\u54e5\u4f26\u6bd4\u4e9a(Colombia)\", code: \"+57\" },\r\n{ name: \"\u5384\u74dc\u591a\u5c14(Ecuador)\", code: \"+593\" },\r\n{ name: \"\u572d\u4e9a\u90a3(Guyana)\", code: \"+592\" },\r\n{ name: \"\u5df4\u62c9\u572d(Paraguay)\", code: \"+595\" },\r\n{ name: \"\u79d8\u9c81(Peru)\", code: \"+51\" },\r\n{ name: \"\u82cf\u91cc\u5357(Suriname)\", code: \"+597\" },\r\n{ name: \"\u4e4c\u62c9\u572d(Uruguay)\", code: \"+598\" },\r\n{ name: \"\u59d4\u5185\u745e\u62c9(Venezuela)\", code: \"+58\" },\r\n{ name: \"\u6fb3\u5927\u5229\u4e9a(Australia)\", code: \"+61\" },\r\n{ name: \"\u65b0\u897f\u5170(New Zealand)\", code: \"+64\" },\r\n{ name: \"\u6590\u6d4e(Fiji)\", code: \"+679\" },\r\n{ name: \"\u5df4\u5e03\u4e9a\u65b0\u51e0\u5185\u4e9a(Papua New Guinea)\", code: \"+675\" },\r\n{ name: \"\u6240\u7f57\u95e8\u7fa4\u5c9b(Solomon Islands)\", code: \"+677\" },\r\n{ name: \"\u74e6\u52aa\u963f\u56fe(Vanuatu)\", code: \"+678\" },\r\n{ name: \"\u8428\u6469\u4e9a(Samoa)\", code: \"+685\" },\r\n{ name: \"\u7f8e\u5c5e\u8428\u6469\u4e9a(American Samoa)\", code: \"+1684\" },\r\n{ name: \"\u5173\u5c9b(Guam)\", code: \"+1671\" },\r\n{ name: \"\u5bc6\u514b\u7f57\u5c3c\u897f\u4e9a(Federated States of Micronesia)\", code: \"+691\" },\r\n{ name: \"\u9a6c\u7ecd\u5c14\u7fa4\u5c9b(Marshall Islands)\", code: \"+692\" },\r\n{ name: \"\u5e15\u52b3(Palau)\", code: \"+680\" },\r\n{ name: \"\u7459\u9c81(Nauru)\", code: \"+674\" },\r\n{ name: \"\u56fe\u74e6\u5362(Tuvalu)\", code: \"+688\" },\r\n{ name: \"\u57fa\u91cc\u5df4\u65af(Kiribati)\", code: \"+686\" },\r\n{ name: \"\u6c64\u52a0(Tonga)\", code: \"+676\" },\r\n{ name: \"\u5e93\u514b\u7fa4\u5c9b(Cook Islands)\", code: \"+682\" },\r\n{ name: \"\u6cd5\u5c5e\u6ce2\u5229\u5c3c\u897f\u4e9a(French Polynesia)\", code: \"+689\" },\r\n{ name: \"\u65b0\u5580\u91cc\u591a\u5c3c\u4e9a(New Caledonia)\", code: \"+687\" },\r\n{ name: \"\u963f\u5c14\u53ca\u5229\u4e9a(Algeria)\", code: \"+213\" },\r\n{ name: \"\u5b89\u54e5\u62c9(Angola)\", code: \"+244\" },\r\n{ name: \"\u8d1d\u5b81(Benin)\", code: \"+229\" },\r\n{ name: \"\u535a\u8328\u74e6\u7eb3(Botswana)\", code: \"+267\" },\r\n{ name: \"\u5e03\u57fa\u7eb3\u6cd5\u7d22(Burkina Faso)\", code: \"+226\" },\r\n{ name: \"\u5e03\u9686\u8fea(Burundi)\", code: \"+257\" },\r\n{ name: \"\u4f5b\u5f97\u89d2(Cape Verde)\", code: \"+238\" },\r\n{ name: \"\u5580\u9ea6\u9686(Cameroon)\", code: \"+237\" },\r\n{ name: \"\u52a0\u90a3\u5229\u7fa4\u5c9b(Canary Islands)\", code: \"+34\" },\r\n{ name: \"\u4e2d\u975e\u5171\u548c\u56fd(Central African Republic)\", code: \"+236\" },\r\n{ name: \"\u4e4d\u5f97(Chad)\", code: \"+235\" },\r\n{ name: \"\u79d1\u6469\u7f57(Comoros)\", code: \"+269\" },\r\n{ name: \"\u521a\u679c(\u5e03)(Congo Brazzaville)\", code: \"+242\" },\r\n{ name: \"\u521a\u679c(\u91d1)(Congo Kinshasa)\", code: \"+243\" },\r\n{ name: \"\u79d1\u7279\u8fea\u74e6(C\u00f4te d'Ivoire)\", code: \"+225\" },\r\n{ name: \"\u5409\u5e03\u63d0(Djibouti)\", code: \"+253\" },\r\n{ name: \"\u57c3\u53ca(Egypt)\", code: \"+20\" },\r\n{ name: \"\u8d64\u9053\u51e0\u5185\u4e9a(Equatorial Guinea)\", code: \"+240\" },\r\n{ name: \"\u5384\u7acb\u7279\u91cc\u4e9a(Eritrea)\", code: \"+291\" },\r\n{ name: \"\u57c3\u585e\u4fc4\u6bd4\u4e9a(Ethiopia)\", code: \"+251\" },\r\n{ name: \"\u52a0\u84ec(Gabon)\", code: \"+241\" },\r\n{ name: \"\u5188\u6bd4\u4e9a(Gambia)\", code: \"+220\" },\r\n{ name: \"\u52a0\u7eb3(Ghana)\", code: \"+233\" },\r\n{ name: \"\u51e0\u5185\u4e9a(Guinea)\", code: \"+224\" },\r\n{ name: \"\u51e0\u5185\u4e9a\u6bd4\u7ecd(Guinea-Bissau)\", code: \"+245\" },\r\n{ name: \"\u80af\u5c3c\u4e9a(Kenya)\", code: \"+254\" },\r\n{ name: \"\u83b1\u7d22\u6258(Lesotho)\", code: \"+266\" },\r\n{ name: \"\u5229\u6bd4\u91cc\u4e9a(Liberia)\", code: \"+231\" },\r\n{ name: \"\u5229\u6bd4\u4e9a(Libya)\", code: \"+218\" },\r\n{ name: \"\u9a6c\u8fbe\u52a0\u65af\u52a0(Madagascar)\", code: \"+261\" },\r\n{ name: \"\u9a6c\u62c9\u7ef4(Malawi)\", code: \"+265\" },\r\n{ name: \"\u9a6c\u91cc(Mali)\", code: \"+223\" },\r\n{ name: \"\u6bdb\u91cc\u5854\u5c3c\u4e9a(Mauritania)\", code: \"+222\" },\r\n{ name: \"\u6bdb\u91cc\u6c42\u65af(Mauritius)\", code: \"+230\" },\r\n{ name: \"\u6469\u6d1b\u54e5(Morocco)\", code: \"+212\" },\r\n{ name: \"\u83ab\u6851\u6bd4\u514b(Mozambique)\", code: \"+258\" },\r\n{ name: \"\u7eb3\u7c73\u6bd4\u4e9a(Namibia)\", code: \"+264\" },\r\n{ name: \"\u5c3c\u65e5\u5c14(Niger)\", code: \"+227\" },\r\n{ name: \"\u5c3c\u65e5\u5229\u4e9a(Nigeria)\", code: \"+234\" },\r\n{ name: \"\u5362\u65fa\u8fbe(Rwanda)\", code: \"+250\" },\r\n{ name: \"\u5723\u591a\u7f8e\u548c\u666e\u6797\u897f\u6bd4(S\u00e3o Tom\u00e9 and Pr\u00edncipe)\", code: \"+239\" },\r\n{ name: \"\u585e\u5185\u52a0\u5c14(Senegal)\", code: \"+221\" },\r\n{ name: \"\u585e\u820c\u5c14(Seychelles)\", code: \"+248\" },\r\n{ name: \"\u585e\u62c9\u5229\u6602(Sierra Leone)\", code: \"+232\" },\r\n{ name: \"\u7d22\u9a6c\u91cc(Somalia)\", code: \"+252\" },\r\n{ name: \"\u5357\u975e(South Africa)\", code: \"+27\" },\r\n{ name: \"\u5357\u82cf\u4e39(South Sudan)\", code: \"+211\" },\r\n{ name: \"\u82cf\u4e39(Sudan)\", code: \"+249\" },\r\n{ name: \"\u65af\u5a01\u58eb\u5170(Swaziland)\", code: \"+268\" },\r\n{ name: \"\u5766\u6851\u5c3c\u4e9a(Tanzania)\", code: \"+255\" },\r\n{ name: \"\u591a\u54e5(Togo)\", code: \"+228\" },\r\n{ name: \"\u7a81\u5c3c\u65af(Tunisia)\", code: \"+216\" },\r\n{ name: \"\u4e4c\u5e72\u8fbe(Uganda)\", code: \"+256\" },\r\n{ name: \"\u8d5e\u6bd4\u4e9a(Zambia)\", code: \"+260\" },\r\n{ name: \"\u6d25\u5df4\u5e03\u97e6(Zimbabwe)\", code: \"+263\" }\r\n    ];\r\n\r\n    const toast = document.getElementById('ccqToast');\r\n    const toastError = document.getElementById('ccqToastError');\r\n    const nameInput = document.getElementById('ccqNameInput');\r\n    const codeInput = document.getElementById('ccqCodeInput');\r\n    const nameResult = document.getElementById('ccqNameResult');\r\n    const codeResult = document.getElementById('ccqCodeResult');\r\n\r\n \r\n    function showToast(isSuccess = true) {\r\n        if (isSuccess) {\r\n            toast.classList.add('active');\r\n            setTimeout(() => toast.classList.remove('active'), 2000);\r\n        } else {\r\n            toastError.classList.add('active');\r\n            setTimeout(() => toastError.classList.remove('active'), 2000);\r\n        }\r\n    }\r\n\r\n \r\n    window.copyText = function(text) {\r\n     \r\n        const tempInput = document.createElement('input');\r\n        tempInput.style.position = 'absolute';\r\n        tempInput.style.left = '-9999px';\r\n        tempInput.value = text;\r\n        document.body.appendChild(tempInput);\r\n        tempInput.select();\r\n\r\n        try {\r\n         \r\n            if (navigator.clipboard && window.isSecureContext) {\r\n                navigator.clipboard.writeText(text).then(() => {\r\n                    showToast(true);\r\n                }).catch(err => {\r\n                   \r\n                    throw new Error('Clipboard API \u8c03\u7528\u5931\u8d25\uff0c\u964d\u7ea7\u5230\u4f20\u7edf\u65b9\u6848');\r\n                });\r\n            } else {\r\n     \r\n                const success = document.execCommand('copy');\r\n                if (success) {\r\n                    showToast(true);\r\n                } else {\r\n                    throw new Error('execCommand \u590d\u5236\u5931\u8d25');\r\n                }\r\n            }\r\n        } catch (err) {\r\n           \r\n            console.error('\u590d\u5236\u5931\u8d25\uff1a', err);\r\n            showToast(false);\r\n           \r\n            tempInput.select();\r\n            alert('\u590d\u5236\u5931\u8d25\uff0c\u8bf7\u624b\u52a8\u9009\u4e2d\u6587\u672c\u540e\u6309 Ctrl+C');\r\n        } finally {\r\n         \r\n            document.body.removeChild(tempInput);\r\n        }\r\n    }\r\n\r\n   \r\n    function renderResult(container, data, type) {\r\n        if (!data || data.length === 0) {\r\n            container.innerHTML = '<span style=\"color:#64748b\">\u672a\u627e\u5230\u5339\u914d\u7ed3\u679c<\/span>';\r\n            return;\r\n        }\r\n        let html = '';\r\n        data.forEach(item => {\r\n            if (type === 'name') {\r\n               \r\n                html += `<div class=\"ccq-result-item\">\r\n                    <span>${item.name}<\/span>\r\n                    <button class=\"ccq-copy-btn\" onclick=\"copyText('${item.code}')\">${item.code} \u590d\u5236<\/button>\r\n                <\/div>`;\r\n            } else {\r\n               \r\n                html += `<div class=\"ccq-result-item\">\r\n                    <span>${item.code}<\/span>\r\n                    <button class=\"ccq-copy-btn\" onclick=\"copyText('${item.name}')\">${item.name} \u590d\u5236<\/button>\r\n                <\/div>`;\r\n            }\r\n        });\r\n        container.innerHTML = html;\r\n    }\r\n\r\n  \r\n    function searchByName() {\r\n        const keyword = nameInput.value.trim().toLowerCase();\r\n        if (!keyword) { alert('\u8bf7\u8f93\u5165\u56fd\u5bb6\/\u5730\u533a\u540d\u79f0'); return; }\r\n        \r\n        const result = countryData.filter(item => \r\n            item.name.toLowerCase().includes(keyword)\r\n        );\r\n        renderResult(nameResult, result, 'name');\r\n    }\r\n\r\n   \r\n    function searchByCode() {\r\n        const inputCode = codeInput.value.trim();\r\n        if (!inputCode) { alert('\u8bf7\u8f93\u5165\u533a\u53f7'); return; }\r\n        \r\n        const cleanCode = inputCode.replace(\/^\\+\/, '');\r\n        const result = countryData.filter(item => {\r\n            const itemCleanCode = item.code.replace(\/^\\+\/, '');\r\n            return itemCleanCode === cleanCode || item.code.includes(inputCode);\r\n        });\r\n        renderResult(codeResult, result, 'code');\r\n    }\r\n\r\n   \r\n    document.getElementById('ccqNameSearch').addEventListener('click', searchByName);\r\n    nameInput.addEventListener('keypress', (e) => e.key === 'Enter' && searchByName());\r\n\r\n    document.getElementById('ccqCodeSearch').addEventListener('click', searchByCode);\r\n    codeInput.addEventListener('keypress', (e) => e.key === 'Enter' && searchByCode());\r\n});\r\n<\/script>\t\t\t\t<\/div>\n\t\t\t\t<\/div>\n\t\t\t\t<\/div>\n\t\t","protected":false},"excerpt":{"rendered":"<p>\u5168\u7403\u7535\u8bdd\u533a\u53f7\u67e5\u8be2 \u67e5\u8be2\u533a\u53f7 \u67e5\u8be2\u56fd\u5bb6\/\u5730\u533a \u590d\u5236\u6210\u529f \u2705 \u590d\u5236\u5931\u8d25\uff0c\u8bf7\u624b\u52a8\u590d\u5236 \u274c<\/p>\n","protected":false},"author":1,"featured_media":0,"parent":19,"menu_order":0,"comment_status":"closed","ping_status":"closed","template":"","meta":{"footnotes":""},"class_list":["post-772","page","type-page","status-publish","hentry"],"_links":{"self":[{"href":"https:\/\/www.05621997.xyz\/index.php\/wp-json\/wp\/v2\/pages\/772","targetHints":{"allow":["GET"]}}],"collection":[{"href":"https:\/\/www.05621997.xyz\/index.php\/wp-json\/wp\/v2\/pages"}],"about":[{"href":"https:\/\/www.05621997.xyz\/index.php\/wp-json\/wp\/v2\/types\/page"}],"author":[{"embeddable":true,"href":"https:\/\/www.05621997.xyz\/index.php\/wp-json\/wp\/v2\/users\/1"}],"replies":[{"embeddable":true,"href":"https:\/\/www.05621997.xyz\/index.php\/wp-json\/wp\/v2\/comments?post=772"}],"version-history":[{"count":32,"href":"https:\/\/www.05621997.xyz\/index.php\/wp-json\/wp\/v2\/pages\/772\/revisions"}],"predecessor-version":[{"id":878,"href":"https:\/\/www.05621997.xyz\/index.php\/wp-json\/wp\/v2\/pages\/772\/revisions\/878"}],"up":[{"embeddable":true,"href":"https:\/\/www.05621997.xyz\/index.php\/wp-json\/wp\/v2\/pages\/19"}],"wp:attachment":[{"href":"https:\/\/www.05621997.xyz\/index.php\/wp-json\/wp\/v2\/media?parent=772"}],"curies":[{"name":"wp","href":"https:\/\/api.w.org\/{rel}","templated":true}]}}